{"id":836,"date":"2025-06-05T11:24:23","date_gmt":"2025-06-05T14:24:23","guid":{"rendered":"https:\/\/protesedentarialab.com.br\/?page_id=836"},"modified":"2025-06-05T11:41:27","modified_gmt":"2025-06-05T14:41:27","slug":"odonto-news","status":"publish","type":"page","link":"https:\/\/protesedentarialab.com.br\/index.php\/odonto-news\/","title":{"rendered":"Odonto News"},"content":{"rendered":"\t\t<div data-elementor-type=\"wp-page\" data-elementor-id=\"836\" class=\"elementor elementor-836\">\n\t\t\t\t<div class=\"elementor-element elementor-element-92d5d02 e-grid e-con-full e-con e-parent\" data-id=\"92d5d02\" data-element_type=\"container\" data-settings=\"{&quot;background_background&quot;:&quot;classic&quot;}\">\n\t\t\t\t<div class=\"elementor-element elementor-element-8f209cc elementor-widget elementor-widget-image\" data-id=\"8f209cc\" data-element_type=\"widget\" data-widget_type=\"image.default\">\n\t\t\t\t<div class=\"elementor-widget-container\">\n\t\t\t\t\t\t\t\t\t\t\t\t\t\t\t\t<a href=\"https:\/\/protesedentarialab.com.br\">\n\t\t\t\t\t\t\t<img fetchpriority=\"high\" decoding=\"async\" width=\"553\" height=\"409\" src=\"https:\/\/protesedentarialab.com.br\/wp-content\/uploads\/2024\/11\/logo-fundo-trans.png\" class=\"attachment-large size-large wp-image-75\" alt=\"T\u00e9cnico em pr\u00f3teses dent\u00e1rias\" srcset=\"https:\/\/protesedentarialab.com.br\/wp-content\/uploads\/2024\/11\/logo-fundo-trans.png 553w, https:\/\/protesedentarialab.com.br\/wp-content\/uploads\/2024\/11\/logo-fundo-trans-300x222.png 300w\" sizes=\"(max-width: 553px) 100vw, 553px\" \/>\t\t\t\t\t\t\t\t<\/a>\n\t\t\t\t\t\t\t\t\t\t\t\t\t\t\t<\/div>\n\t\t\t\t<\/div>\n\t\t\t\t<div class=\"elementor-element elementor-element-9450d31 elementor-widget elementor-widget-text-editor\" data-id=\"9450d31\" data-element_type=\"widget\" data-widget_type=\"text-editor.default\">\n\t\t\t\t<div class=\"elementor-widget-container\">\n\t\t\t\t\t\t\t\t\t<p>Marcio Santos<\/p><p class=\"Normal tm5\"><span class=\"tm6\">T\u00e9cnico em Pr\u00f3tese Dent\u00e1ria<\/span><\/p><p>Whatsapp: <a href=\"https:\/\/wa.me\/5511954444100\" target=\"_blank\" rel=\"noopener\">(11) 95444-4100<\/a><\/p>\t\t\t\t\t\t\t\t<\/div>\n\t\t\t\t<\/div>\n\t\t\t\t<\/div>\n\t\t<div class=\"elementor-element elementor-element-3e65ea6 e-con-full e-flex e-con e-parent\" data-id=\"3e65ea6\" data-element_type=\"container\" data-settings=\"{&quot;background_background&quot;:&quot;classic&quot;}\">\n\t\t<div class=\"elementor-element elementor-element-1b58e57 e-con-full e-flex e-con e-child\" data-id=\"1b58e57\" data-element_type=\"container\" data-settings=\"{&quot;background_background&quot;:&quot;classic&quot;}\">\n\t\t\t\t<\/div>\n\t\t\t\t<\/div>\n\t\t<div class=\"elementor-element elementor-element-b23efb2 e-flex e-con-boxed e-con e-parent\" data-id=\"b23efb2\" data-element_type=\"container\">\n\t\t\t\t\t<div class=\"e-con-inner\">\n\t\t\t\t<div class=\"elementor-element elementor-element-b0fa9be elementor-widget elementor-widget-heading\" data-id=\"b0fa9be\" data-element_type=\"widget\" data-widget_type=\"heading.default\">\n\t\t\t\t<div class=\"elementor-widget-container\">\n\t\t\t\t\t<h1 class=\"elementor-heading-title elementor-size-default\">Not\u00edcias - Odonto News<\/h1>\t\t\t\t<\/div>\n\t\t\t\t<\/div>\n\t\t\t\t<div class=\"elementor-element elementor-element-01d1780 elementor-widget elementor-widget-heading\" data-id=\"01d1780\" data-element_type=\"widget\" data-widget_type=\"heading.default\">\n\t\t\t\t<div class=\"elementor-widget-container\">\n\t\t\t\t\t<h2 class=\"elementor-heading-title elementor-size-default\">Fique por dentro das principais not\u00edcias do mundo odontol\u00f3gico<\/h2>\t\t\t\t<\/div>\n\t\t\t\t<\/div>\n\t\t\t\t\t<\/div>\n\t\t\t\t<\/div>\n\t\t<div class=\"elementor-element elementor-element-c999581 e-con-full e-flex e-con e-parent\" data-id=\"c999581\" data-element_type=\"container\">\n\t\t\t\t<\/div>\n\t\t<div class=\"elementor-element elementor-element-3ec732e e-flex e-con-boxed e-con e-parent\" data-id=\"3ec732e\" data-element_type=\"container\" data-settings=\"{&quot;background_background&quot;:&quot;classic&quot;}\">\n\t\t\t\t\t<div class=\"e-con-inner\">\n\t\t<div class=\"elementor-element elementor-element-3e116e9 e-con-full e-flex e-con e-child\" data-id=\"3e116e9\" data-element_type=\"container\">\n\t\t\t\t<div class=\"elementor-element elementor-element-07e1fe0 elementor-widget elementor-widget-image\" data-id=\"07e1fe0\" data-element_type=\"widget\" data-widget_type=\"image.default\">\n\t\t\t\t<div class=\"elementor-widget-container\">\n\t\t\t\t\t\t\t\t\t\t\t\t\t\t\t<img decoding=\"async\" width=\"553\" height=\"409\" src=\"https:\/\/protesedentarialab.com.br\/wp-content\/uploads\/2024\/11\/Logo.png\" class=\"attachment-large size-large wp-image-10\" alt=\"T\u00e9cnico em pr\u00f3teses dent\u00e1rias\" srcset=\"https:\/\/protesedentarialab.com.br\/wp-content\/uploads\/2024\/11\/Logo.png 553w, https:\/\/protesedentarialab.com.br\/wp-content\/uploads\/2024\/11\/Logo-300x222.png 300w\" sizes=\"(max-width: 553px) 100vw, 553px\" \/>\t\t\t\t\t\t\t\t\t\t\t\t\t\t\t<\/div>\n\t\t\t\t<\/div>\n\t\t\t\t<div class=\"elementor-element elementor-element-5fc328c elementor-widget elementor-widget-text-editor\" data-id=\"5fc328c\" data-element_type=\"widget\" data-widget_type=\"text-editor.default\">\n\t\t\t\t<div class=\"elementor-widget-container\">\n\t\t\t\t\t\t\t\t\t<p><span style=\"text-decoration: underline;\">marcioappa@hotmail.com<\/span><\/p><p>(11) 95444-4100<\/p>\t\t\t\t\t\t\t\t<\/div>\n\t\t\t\t<\/div>\n\t\t\t\t<\/div>\n\t\t<div class=\"elementor-element elementor-element-7fc3284 e-con-full e-flex e-con e-child\" data-id=\"7fc3284\" data-element_type=\"container\">\n\t\t\t\t<div class=\"elementor-element elementor-element-778f64a elementor-widget elementor-widget-heading\" data-id=\"778f64a\" data-element_type=\"widget\" data-widget_type=\"heading.default\">\n\t\t\t\t<div class=\"elementor-widget-container\">\n\t\t\t\t\t<h4 class=\"elementor-heading-title elementor-size-default\">Menu r\u00e1pido<\/h4>\t\t\t\t<\/div>\n\t\t\t\t<\/div>\n\t\t\t\t<div class=\"elementor-element elementor-element-106db43 elementor-widget elementor-widget-text-editor\" data-id=\"106db43\" data-element_type=\"widget\" data-widget_type=\"text-editor.default\">\n\t\t\t\t<div class=\"elementor-widget-container\">\n\t\t\t\t\t\t\t\t\t<p><a href=\"https:\/\/protesedentarialab.com.br\/\">HOME<\/a><\/p><p><a href=\"https:\/\/protesedentarialab.com.br\/index.php\/quem-somos\/\">QUEM SOMOS<\/a><\/p><p><a href=\"https:\/\/protesedentarialab.com.br\/index.php\/servicos\/\">SERVI\u00c7OS<\/a><\/p><p><a href=\"https:\/\/protesedentarialab.com.br\/index.php\/noticias\/\">NOT\u00cdCIAS<\/a><\/p><p><a href=\"https:\/\/protesedentarialab.com.br\/index.php\/contato\/\">CONTATO<\/a><\/p>\t\t\t\t\t\t\t\t<\/div>\n\t\t\t\t<\/div>\n\t\t\t\t<\/div>\n\t\t<div class=\"elementor-element elementor-element-bb09c7b e-con-full e-flex e-con e-child\" data-id=\"bb09c7b\" data-element_type=\"container\">\n\t\t\t\t<div class=\"elementor-element elementor-element-6e9e038 elementor-view-default elementor-position-top elementor-mobile-position-top elementor-widget elementor-widget-icon-box\" data-id=\"6e9e038\" data-element_type=\"widget\" data-widget_type=\"icon-box.default\">\n\t\t\t\t<div class=\"elementor-widget-container\">\n\t\t\t\t\t\t\t<div class=\"elementor-icon-box-wrapper\">\n\n\t\t\t\t\t\t<div class=\"elementor-icon-box-icon\">\n\t\t\t\t<span  class=\"elementor-icon\">\n\t\t\t\t<svg aria-hidden=\"true\" class=\"e-font-icon-svg e-fas-star\" viewBox=\"0 0 576 512\" xmlns=\"http:\/\/www.w3.org\/2000\/svg\"><path d=\"M259.3 17.8L194 150.2 47.9 171.5c-26.2 3.8-36.7 36.1-17.7 54.6l105.7 103-25 145.5c-4.5 26.3 23.2 46 46.4 33.7L288 439.6l130.7 68.7c23.2 12.2 50.9-7.4 46.4-33.7l-25-145.5 105.7-103c19-18.5 8.5-50.8-17.7-54.6L382 150.2 316.7 17.8c-11.7-23.6-45.6-23.9-57.4 0z\"><\/path><\/svg>\t\t\t\t<\/span>\n\t\t\t<\/div>\n\t\t\t\n\t\t\t\t\t\t<div class=\"elementor-icon-box-content\">\n\n\t\t\t\t\t\t\t\t\t<h3 class=\"elementor-icon-box-title\">\n\t\t\t\t\t\t<span  >\n\t\t\t\t\t\t\tHor\u00e1rio de atendimento\t\t\t\t\t\t<\/span>\n\t\t\t\t\t<\/h3>\n\t\t\t\t\n\t\t\t\t\t\t\t\t\t<p class=\"elementor-icon-box-description\">\n\t\t\t\t\t\tAtendemos apenas Profissionais da odontologia.\t\t\t\t\t<\/p>\n\t\t\t\t\n\t\t\t<\/div>\n\t\t\t\n\t\t<\/div>\n\t\t\t\t\t\t<\/div>\n\t\t\t\t<\/div>\n\t\t\t\t<div class=\"elementor-element elementor-element-70f7574 elementor-widget elementor-widget-text-editor\" data-id=\"70f7574\" data-element_type=\"widget\" data-widget_type=\"text-editor.default\">\n\t\t\t\t<div class=\"elementor-widget-container\">\n\t\t\t\t\t\t\t\t\t<p>Rua Carlos Sgarbi filho, 1429<\/p><p>S\u00e3o Paulo &#8211; SP<\/p>\t\t\t\t\t\t\t\t<\/div>\n\t\t\t\t<\/div>\n\t\t\t\t<\/div>\n\t\t\t\t\t<\/div>\n\t\t\t\t<\/div>\n\t\t\t\t<\/div>\n\t\t","protected":false},"excerpt":{"rendered":"<p>Marcio Santos T\u00e9cnico em Pr\u00f3tese Dent\u00e1ria Whatsapp: (11) 95444-4100 Home Quem Somos Servi\u00e7os Acriliza\u00e7\u00e3o de pr\u00f3teses dent\u00e1rias Arma\u00e7\u00e3o para P.P.R Montagem de dentes Pr\u00f3tese parcial remov\u00edvel provis\u00f3ria Contato Not\u00edcias Noticias &#8211; odonto news Odonto News Menu de altern\u00e2ncia de hamb\u00farguer Not\u00edcias &#8211; Odonto News Fique por dentro das principais not\u00edcias do mundo odontol\u00f3gico Crise na [&hellip;]<\/p>\n","protected":false},"author":1,"featured_media":0,"parent":0,"menu_order":0,"comment_status":"closed","ping_status":"closed","template":"","meta":{"footnotes":""},"class_list":["post-836","page","type-page","status-publish","hentry"],"yoast_head":"<!-- This site is optimized with the Yoast SEO plugin v26.2 - https:\/\/yoast.com\/wordpress\/plugins\/seo\/ -->\n<title>Odonto News - Pr\u00f3tese Dent\u00e1ria LAB - T\u00e9cnico em Pr\u00f3teses Dent\u00e1rias<\/title>\n<meta name=\"robots\" content=\"index, follow, max-snippet:-1, max-image-preview:large, max-video-preview:-1\" \/>\n<link rel=\"canonical\" href=\"https:\/\/protesedentarialab.com.br\/index.php\/odonto-news\/\" \/>\n<meta property=\"og:locale\" content=\"pt_BR\" \/>\n<meta property=\"og:type\" content=\"article\" \/>\n<meta property=\"og:title\" content=\"Odonto News - Pr\u00f3tese Dent\u00e1ria LAB - T\u00e9cnico em Pr\u00f3teses Dent\u00e1rias\" \/>\n<meta property=\"og:description\" content=\"Marcio Santos T\u00e9cnico em Pr\u00f3tese Dent\u00e1ria Whatsapp: (11) 95444-4100 Home Quem Somos Servi\u00e7os Acriliza\u00e7\u00e3o de pr\u00f3teses dent\u00e1rias Arma\u00e7\u00e3o para P.P.R Montagem de dentes Pr\u00f3tese parcial remov\u00edvel provis\u00f3ria Contato Not\u00edcias Noticias &#8211; odonto news Odonto News Menu de altern\u00e2ncia de hamb\u00farguer Not\u00edcias &#8211; Odonto News Fique por dentro das principais not\u00edcias do mundo odontol\u00f3gico Crise na [&hellip;]\" \/>\n<meta property=\"og:url\" content=\"https:\/\/protesedentarialab.com.br\/index.php\/odonto-news\/\" \/>\n<meta property=\"og:site_name\" content=\"Pr\u00f3tese Dent\u00e1ria LAB - T\u00e9cnico em Pr\u00f3teses Dent\u00e1rias\" \/>\n<meta property=\"article:publisher\" content=\"https:\/\/www.facebook.com\/profile.php?id=61564107788382\" \/>\n<meta property=\"article:modified_time\" content=\"2025-06-05T14:41:27+00:00\" \/>\n<meta property=\"og:image\" content=\"https:\/\/protesedentarialab.com.br\/wp-content\/uploads\/2024\/11\/logo-fundo-trans.png\" \/>\n<meta name=\"twitter:card\" content=\"summary_large_image\" \/>\n<script type=\"application\/ld+json\" class=\"yoast-schema-graph\">{\"@context\":\"https:\/\/schema.org\",\"@graph\":[{\"@type\":\"WebPage\",\"@id\":\"https:\/\/protesedentarialab.com.br\/index.php\/odonto-news\/\",\"url\":\"https:\/\/protesedentarialab.com.br\/index.php\/odonto-news\/\",\"name\":\"Odonto News - Pr\u00f3tese Dent\u00e1ria LAB - T\u00e9cnico em Pr\u00f3teses Dent\u00e1rias\",\"isPartOf\":{\"@id\":\"https:\/\/protesedentarialab.com.br\/#website\"},\"primaryImageOfPage\":{\"@id\":\"https:\/\/protesedentarialab.com.br\/index.php\/odonto-news\/#primaryimage\"},\"image\":{\"@id\":\"https:\/\/protesedentarialab.com.br\/index.php\/odonto-news\/#primaryimage\"},\"thumbnailUrl\":\"https:\/\/protesedentarialab.com.br\/wp-content\/uploads\/2024\/11\/logo-fundo-trans.png\",\"datePublished\":\"2025-06-05T14:24:23+00:00\",\"dateModified\":\"2025-06-05T14:41:27+00:00\",\"breadcrumb\":{\"@id\":\"https:\/\/protesedentarialab.com.br\/index.php\/odonto-news\/#breadcrumb\"},\"inLanguage\":\"pt-BR\",\"potentialAction\":[{\"@type\":\"ReadAction\",\"target\":[\"https:\/\/protesedentarialab.com.br\/index.php\/odonto-news\/\"]}]},{\"@type\":\"ImageObject\",\"inLanguage\":\"pt-BR\",\"@id\":\"https:\/\/protesedentarialab.com.br\/index.php\/odonto-news\/#primaryimage\",\"url\":\"https:\/\/protesedentarialab.com.br\/wp-content\/uploads\/2024\/11\/logo-fundo-trans.png\",\"contentUrl\":\"https:\/\/protesedentarialab.com.br\/wp-content\/uploads\/2024\/11\/logo-fundo-trans.png\",\"width\":553,\"height\":409,\"caption\":\"T\u00e9cnico em pr\u00f3teses dent\u00e1rias\"},{\"@type\":\"BreadcrumbList\",\"@id\":\"https:\/\/protesedentarialab.com.br\/index.php\/odonto-news\/#breadcrumb\",\"itemListElement\":[{\"@type\":\"ListItem\",\"position\":1,\"name\":\"In\u00edcio\",\"item\":\"https:\/\/protesedentarialab.com.br\/\"},{\"@type\":\"ListItem\",\"position\":2,\"name\":\"Odonto News\"}]},{\"@type\":\"WebSite\",\"@id\":\"https:\/\/protesedentarialab.com.br\/#website\",\"url\":\"https:\/\/protesedentarialab.com.br\/\",\"name\":\"Pr\u00f3tese Dent\u00e1ria LAB - T\u00e9cnico em Pr\u00f3teses Dent\u00e1rias\",\"description\":\"Marcio Santos, t\u00e9cnico em pr\u00f3tese dent\u00e1ria especializado em pr\u00f3teses parciais removiveis  formado pelo SENAC Tiradentes. Profissional especializado na confec\u00e7\u00e3o e adapta\u00e7\u00e3o de P.P.R\u2019s, combinando precis\u00e3o t\u00e9cnica e conhecimento avan\u00e7ado em est\u00e9tica e funcionalidade. Dedica\u00e7\u00e3o ao detalhamento e \u00e0 personaliza\u00e7\u00e3o, oferecendo solu\u00e7\u00f5es sob medida para atender \u00e0s necessidades de cada paciente, garantindo conforto e qualidade no resultado final.\",\"publisher\":{\"@id\":\"https:\/\/protesedentarialab.com.br\/#organization\"},\"potentialAction\":[{\"@type\":\"SearchAction\",\"target\":{\"@type\":\"EntryPoint\",\"urlTemplate\":\"https:\/\/protesedentarialab.com.br\/?s={search_term_string}\"},\"query-input\":{\"@type\":\"PropertyValueSpecification\",\"valueRequired\":true,\"valueName\":\"search_term_string\"}}],\"inLanguage\":\"pt-BR\"},{\"@type\":\"Organization\",\"@id\":\"https:\/\/protesedentarialab.com.br\/#organization\",\"name\":\"Pr\u00f3tese Dent\u00e1ria LAB - T\u00e9cnico em Pr\u00f3teses Dent\u00e1rias\",\"url\":\"https:\/\/protesedentarialab.com.br\/\",\"logo\":{\"@type\":\"ImageObject\",\"inLanguage\":\"pt-BR\",\"@id\":\"https:\/\/protesedentarialab.com.br\/#\/schema\/logo\/image\/\",\"url\":\"https:\/\/protesedentarialab.com.br\/wp-content\/uploads\/2024\/11\/Logo-1.png\",\"contentUrl\":\"https:\/\/protesedentarialab.com.br\/wp-content\/uploads\/2024\/11\/Logo-1.png\",\"width\":553,\"height\":409,\"caption\":\"Pr\u00f3tese Dent\u00e1ria LAB - T\u00e9cnico em Pr\u00f3teses Dent\u00e1rias\"},\"image\":{\"@id\":\"https:\/\/protesedentarialab.com.br\/#\/schema\/logo\/image\/\"},\"sameAs\":[\"https:\/\/www.facebook.com\/profile.php?id=61564107788382\"]}]}<\/script>\n<!-- \/ Yoast SEO plugin. -->","yoast_head_json":{"title":"Odonto News - Pr\u00f3tese Dent\u00e1ria LAB - T\u00e9cnico em Pr\u00f3teses Dent\u00e1rias","robots":{"index":"index","follow":"follow","max-snippet":"max-snippet:-1","max-image-preview":"max-image-preview:large","max-video-preview":"max-video-preview:-1"},"canonical":"https:\/\/protesedentarialab.com.br\/index.php\/odonto-news\/","og_locale":"pt_BR","og_type":"article","og_title":"Odonto News - Pr\u00f3tese Dent\u00e1ria LAB - T\u00e9cnico em Pr\u00f3teses Dent\u00e1rias","og_description":"Marcio Santos T\u00e9cnico em Pr\u00f3tese Dent\u00e1ria Whatsapp: (11) 95444-4100 Home Quem Somos Servi\u00e7os Acriliza\u00e7\u00e3o de pr\u00f3teses dent\u00e1rias Arma\u00e7\u00e3o para P.P.R Montagem de dentes Pr\u00f3tese parcial remov\u00edvel provis\u00f3ria Contato Not\u00edcias Noticias &#8211; odonto news Odonto News Menu de altern\u00e2ncia de hamb\u00farguer Not\u00edcias &#8211; Odonto News Fique por dentro das principais not\u00edcias do mundo odontol\u00f3gico Crise na [&hellip;]","og_url":"https:\/\/protesedentarialab.com.br\/index.php\/odonto-news\/","og_site_name":"Pr\u00f3tese Dent\u00e1ria LAB - T\u00e9cnico em Pr\u00f3teses Dent\u00e1rias","article_publisher":"https:\/\/www.facebook.com\/profile.php?id=61564107788382","article_modified_time":"2025-06-05T14:41:27+00:00","og_image":[{"url":"https:\/\/protesedentarialab.com.br\/wp-content\/uploads\/2024\/11\/logo-fundo-trans.png","type":"","width":"","height":""}],"twitter_card":"summary_large_image","schema":{"@context":"https:\/\/schema.org","@graph":[{"@type":"WebPage","@id":"https:\/\/protesedentarialab.com.br\/index.php\/odonto-news\/","url":"https:\/\/protesedentarialab.com.br\/index.php\/odonto-news\/","name":"Odonto News - Pr\u00f3tese Dent\u00e1ria LAB - T\u00e9cnico em Pr\u00f3teses Dent\u00e1rias","isPartOf":{"@id":"https:\/\/protesedentarialab.com.br\/#website"},"primaryImageOfPage":{"@id":"https:\/\/protesedentarialab.com.br\/index.php\/odonto-news\/#primaryimage"},"image":{"@id":"https:\/\/protesedentarialab.com.br\/index.php\/odonto-news\/#primaryimage"},"thumbnailUrl":"https:\/\/protesedentarialab.com.br\/wp-content\/uploads\/2024\/11\/logo-fundo-trans.png","datePublished":"2025-06-05T14:24:23+00:00","dateModified":"2025-06-05T14:41:27+00:00","breadcrumb":{"@id":"https:\/\/protesedentarialab.com.br\/index.php\/odonto-news\/#breadcrumb"},"inLanguage":"pt-BR","potentialAction":[{"@type":"ReadAction","target":["https:\/\/protesedentarialab.com.br\/index.php\/odonto-news\/"]}]},{"@type":"ImageObject","inLanguage":"pt-BR","@id":"https:\/\/protesedentarialab.com.br\/index.php\/odonto-news\/#primaryimage","url":"https:\/\/protesedentarialab.com.br\/wp-content\/uploads\/2024\/11\/logo-fundo-trans.png","contentUrl":"https:\/\/protesedentarialab.com.br\/wp-content\/uploads\/2024\/11\/logo-fundo-trans.png","width":553,"height":409,"caption":"T\u00e9cnico em pr\u00f3teses dent\u00e1rias"},{"@type":"BreadcrumbList","@id":"https:\/\/protesedentarialab.com.br\/index.php\/odonto-news\/#breadcrumb","itemListElement":[{"@type":"ListItem","position":1,"name":"In\u00edcio","item":"https:\/\/protesedentarialab.com.br\/"},{"@type":"ListItem","position":2,"name":"Odonto News"}]},{"@type":"WebSite","@id":"https:\/\/protesedentarialab.com.br\/#website","url":"https:\/\/protesedentarialab.com.br\/","name":"Pr\u00f3tese Dent\u00e1ria LAB - T\u00e9cnico em Pr\u00f3teses Dent\u00e1rias","description":"Marcio Santos, t\u00e9cnico em pr\u00f3tese dent\u00e1ria especializado em pr\u00f3teses parciais removiveis  formado pelo SENAC Tiradentes. Profissional especializado na confec\u00e7\u00e3o e adapta\u00e7\u00e3o de P.P.R\u2019s, combinando precis\u00e3o t\u00e9cnica e conhecimento avan\u00e7ado em est\u00e9tica e funcionalidade. Dedica\u00e7\u00e3o ao detalhamento e \u00e0 personaliza\u00e7\u00e3o, oferecendo solu\u00e7\u00f5es sob medida para atender \u00e0s necessidades de cada paciente, garantindo conforto e qualidade no resultado final.","publisher":{"@id":"https:\/\/protesedentarialab.com.br\/#organization"},"potentialAction":[{"@type":"SearchAction","target":{"@type":"EntryPoint","urlTemplate":"https:\/\/protesedentarialab.com.br\/?s={search_term_string}"},"query-input":{"@type":"PropertyValueSpecification","valueRequired":true,"valueName":"search_term_string"}}],"inLanguage":"pt-BR"},{"@type":"Organization","@id":"https:\/\/protesedentarialab.com.br\/#organization","name":"Pr\u00f3tese Dent\u00e1ria LAB - T\u00e9cnico em Pr\u00f3teses Dent\u00e1rias","url":"https:\/\/protesedentarialab.com.br\/","logo":{"@type":"ImageObject","inLanguage":"pt-BR","@id":"https:\/\/protesedentarialab.com.br\/#\/schema\/logo\/image\/","url":"https:\/\/protesedentarialab.com.br\/wp-content\/uploads\/2024\/11\/Logo-1.png","contentUrl":"https:\/\/protesedentarialab.com.br\/wp-content\/uploads\/2024\/11\/Logo-1.png","width":553,"height":409,"caption":"Pr\u00f3tese Dent\u00e1ria LAB - T\u00e9cnico em Pr\u00f3teses Dent\u00e1rias"},"image":{"@id":"https:\/\/protesedentarialab.com.br\/#\/schema\/logo\/image\/"},"sameAs":["https:\/\/www.facebook.com\/profile.php?id=61564107788382"]}]}},"_links":{"self":[{"href":"https:\/\/protesedentarialab.com.br\/index.php\/wp-json\/wp\/v2\/pages\/836","targetHints":{"allow":["GET"]}}],"collection":[{"href":"https:\/\/protesedentarialab.com.br\/index.php\/wp-json\/wp\/v2\/pages"}],"about":[{"href":"https:\/\/protesedentarialab.com.br\/index.php\/wp-json\/wp\/v2\/types\/page"}],"author":[{"embeddable":true,"href":"https:\/\/protesedentarialab.com.br\/index.php\/wp-json\/wp\/v2\/users\/1"}],"replies":[{"embeddable":true,"href":"https:\/\/protesedentarialab.com.br\/index.php\/wp-json\/wp\/v2\/comments?post=836"}],"version-history":[{"count":7,"href":"https:\/\/protesedentarialab.com.br\/index.php\/wp-json\/wp\/v2\/pages\/836\/revisions"}],"predecessor-version":[{"id":848,"href":"https:\/\/protesedentarialab.com.br\/index.php\/wp-json\/wp\/v2\/pages\/836\/revisions\/848"}],"wp:attachment":[{"href":"https:\/\/protesedentarialab.com.br\/index.php\/wp-json\/wp\/v2\/media?parent=836"}],"curies":[{"name":"wp","href":"https:\/\/api.w.org\/{rel}","templated":true}]}}